{"id":436,"date":"2017-05-24T19:39:28","date_gmt":"2017-05-24T19:39:28","guid":{"rendered":"http:\/\/victorthemes.com\/themes\/rodich\/?page_id=436"},"modified":"2023-08-22T12:17:45","modified_gmt":"2023-08-22T12:17:45","slug":"reserva","status":"publish","type":"page","link":"https:\/\/elmesondelacosta.com\/en\/reserva\/","title":{"rendered":"Book a table"},"content":{"rendered":"<div class=\"vc_row wpb_row vc_row-fluid rodich-dhav-dotted vc_custom_1692706663086\"><div class=\"wpb_column vc_column_container text-default vc_col-sm-12\"><div class=\"vc_column-inner\"><div class=\"wpb_wrapper\"><div class=\"vc_tta-container\" data-vc-action=\"collapse\"><div class=\"vc_general vc_tta vc_tta-tabs vc_tta-color-grey vc_tta-style-classic vc_tta-shape-rounded vc_tta-spacing-1 vc_tta-tabs-position-top vc_tta-controls-align-left\"><div class=\"vc_tta-tabs-container\"><ul class=\"vc_tta-tabs-list\"><li class=\"vc_tta-tab vc_active\" data-vc-tab><a href=\"#1692705928808-ae84a5a1-35a3\" data-vc-tabs data-vc-container=\".vc_tta\"><span class=\"vc_tta-title-text\">Espa\u00f1ol<\/span><\/a><\/li><li class=\"vc_tta-tab\" data-vc-tab><a href=\"#1692705928833-a001d8d7-33ac\" data-vc-tabs data-vc-container=\".vc_tta\"><span class=\"vc_tta-title-text\">English<\/span><\/a><\/li><\/ul><\/div><div class=\"vc_tta-panels-container\"><div class=\"vc_tta-panels\"><div class=\"vc_tta-panel vc_active reservases\" id=\"1692705928808-ae84a5a1-35a3\" data-vc-content=\".vc_tta-panel-body\"><div class=\"vc_tta-panel-heading\"><h4 class=\"vc_tta-panel-title\"><a href=\"#1692705928808-ae84a5a1-35a3\" data-vc-accordion data-vc-container=\".vc_tta-container\"><span class=\"vc_tta-title-text\">Espa\u00f1ol<\/span><\/a><\/h4><\/div><div class=\"vc_tta-panel-body\">\n\t<div class=\"wpb_text_column wpb_content_element\" >\n\t\t<div class=\"wpb_wrapper\">\n\t\t\t<p><script type=\"text\/javascript\" src=\"https:\/\/www.covermanager.com\/js\/iframeResizer.min.js\"><\/script><iframe loading=\"lazy\" id=\"restaurante-elmesondelacosta\" title=\"Reservas\" src=\"https:\/\/www.covermanager.com\/reserve\/module_restaurant\/restaurante-elmesondelacosta\/spanish\" width=\"100%\" height=\"550\" frameborder=\"0\"><\/iframe><\/p>\n\n\t\t<\/div>\n\t<\/div>\n<\/div><\/div><div class=\"vc_tta-panel reservasen\" id=\"1692705928833-a001d8d7-33ac\" data-vc-content=\".vc_tta-panel-body\"><div class=\"vc_tta-panel-heading\"><h4 class=\"vc_tta-panel-title\"><a href=\"#1692705928833-a001d8d7-33ac\" data-vc-accordion data-vc-container=\".vc_tta-container\"><span class=\"vc_tta-title-text\">English<\/span><\/a><\/h4><\/div><div class=\"vc_tta-panel-body\">\n\t<div class=\"wpb_text_column wpb_content_element\" >\n\t\t<div class=\"wpb_wrapper\">\n\t\t\t<p><script type=\"text\/javascript\" src=\"https:\/\/www.covermanager.com\/js\/iframeResizer.min.js\"><\/script><iframe loading=\"lazy\" id=\"restaurante-elmesondelacosta\" title=\"Reservas\" src=\"https:\/\/www.covermanager.com\/reserve\/module_restaurant\/restaurante-elmesondelacosta\/english\" width=\"100%\" height=\"550\" frameborder=\"0\"><\/iframe><\/p>\n\n\t\t<\/div>\n\t<\/div>\n<\/div><\/div><\/div><\/div><\/div><\/div><\/div><\/div><\/div><\/div><div data-vc-full-width=\"true\" data-vc-full-width-init=\"false\" class=\"vc_row wpb_row vc_row-fluid rodich-dhav-dotted vc_custom_1618315997475 vc_row-has-fill\"><div class=\"roch-banner-overly-area\" style=\"background-color:rgba(0,0,0,0.7);\"><\/div><div class=\"wpb_column vc_column_container text-center vc_col-sm-12\"><div class=\"vc_column-inner\"><div class=\"wpb_wrapper\"><h3 class=\"roch-headlin-secondary roch-tangerineb-fontS no-margin-bottom vc_custom_1617876999033 roch-headlin-secondary-69f63730be507\">El Mes\u00f3n de la Costa<\/h3><h2 class=\"roch-headlin-primary roch-oswaldr-fontS  no-margin-top  roch-headlin-primary-69f63730be51b\">We are waiting for you<\/h2><\/div><\/div><\/div><\/div><div class=\"vc_row-full-width vc_clearfix\"><\/div><div class=\"vc_row wpb_row vc_row-fluid rodich-dhav-dotted vc_custom_1495655919818\"><div class=\"wpb_column vc_column_container text-center vc_col-sm-4\"><div class=\"vc_column-inner vc_custom_1495656278586\"><div class=\"wpb_wrapper\">  <!--  single  special dishes start\\-->\n  <div class=\"roch-info-box  roch-info-box-69f63730be99a\">\n    <div class=\"roch-custom-col\">\n      <div class=\"text-center roch-hom-para-special-dishe-single\">\n                <!--  icon start\\-->\n        <div class=\"roch-hom-para-spec-dishe-icon\">\n          <img decoding=\"async\" src=\"https:\/\/elmesondelacosta.com\/wp-content\/uploads\/2017\/07\/rf-icon-1.png\" alt=\"\"><!--\/ end-->\n        <\/div><!--\/end-->\n\n        <!-- text start\\-->\n        <div class=\"roch-hom-para-spec-dishe-text\">\n          <h4 class=\"text-uppercase roch-hom-para-spec-dishe-title\">Booking by phone<\/h4>\n          <p>We reserve tables for lunch or dinner. To reserve your table, call us from Monday to Sunday from 12:00 to 15:00<\/p>\n        <\/div><!--\/end-->\n\n      <\/div>\n    <\/div><!--\/end-->\n  <\/div><!--\/end-->\n\n  <div class=\"vc_empty_space\"   style=\"height: 15px\"><span class=\"vc_empty_space_inner\"><\/span><\/div>\n\t<div class=\"wpb_text_column wpb_content_element\" >\n\t\t<div class=\"wpb_wrapper\">\n\t\t\t<p><a href=\"tel:34966703598\">+34 966 70 35 98<\/a><\/p>\n\n\t\t<\/div>\n\t<\/div>\n<\/div><\/div><\/div><div class=\"wpb_column vc_column_container text-center vc_col-sm-4\"><div class=\"vc_column-inner vc_custom_1495719055822\"><div class=\"wpb_wrapper\">  <!--  single  special dishes start\\-->\n  <div class=\"roch-info-box  roch-info-box-69f63730bf442\">\n    <div class=\"roch-custom-col\">\n      <div class=\"text-center roch-hom-para-special-dishe-single\">\n                <!--  icon start\\-->\n        <div class=\"roch-hom-para-spec-dishe-icon\">\n          <img decoding=\"async\" src=\"https:\/\/elmesondelacosta.com\/wp-content\/uploads\/2017\/07\/rf-icon-1.png\" alt=\"\"><!--\/ end-->\n        <\/div><!--\/end-->\n\n        <!-- text start\\-->\n        <div class=\"roch-hom-para-spec-dishe-text\">\n          <h4 class=\"text-uppercase roch-hom-para-spec-dishe-title\">Events<\/h4>\n          <p>Would you like to reserve our venue for a special event? Send us an email with all the details and we will respond with a quote.<\/p>\n        <\/div><!--\/end-->\n\n      <\/div>\n    <\/div><!--\/end-->\n  <\/div><!--\/end-->\n\n  <div class=\"vc_empty_space\"   style=\"height: 15px\"><span class=\"vc_empty_space_inner\"><\/span><\/div>\n\t<div class=\"wpb_text_column wpb_content_element\" >\n\t\t<div class=\"wpb_wrapper\">\n\t\t\t<p><a href=\"mailto:info@elmesondelacosta.com\">info@elmesondelacosta.com<\/a><\/p>\n\n\t\t<\/div>\n\t<\/div>\n<\/div><\/div><\/div><div class=\"wpb_column vc_column_container text-center vc_col-sm-4\"><div class=\"vc_column-inner vc_custom_1495719065439\"><div class=\"wpb_wrapper\">  <!--  single  special dishes start\\-->\n  <div class=\"roch-info-box  roch-info-box-69f63730bfb6c\">\n    <div class=\"roch-custom-col\">\n      <div class=\"text-center roch-hom-para-special-dishe-single\">\n                <!--  icon start\\-->\n        <div class=\"roch-hom-para-spec-dishe-icon\">\n          <img decoding=\"async\" src=\"https:\/\/elmesondelacosta.com\/wp-content\/uploads\/2017\/07\/rf-icon-1.png\" alt=\"\"><!--\/ end-->\n        <\/div><!--\/end-->\n\n        <!-- text start\\-->\n        <div class=\"roch-hom-para-spec-dishe-text\">\n          <h4 class=\"text-uppercase roch-hom-para-spec-dishe-title\">Location<\/h4>\n          <p>El Mes\u00f3n de la Costa<br \/>\nCalle Ram\u00f3n y Cajal, 27, 03182 Torrevieja, Alicante<br \/>\nEspa\u00f1a<\/p>\n        <\/div><!--\/end-->\n\n      <\/div>\n    <\/div><!--\/end-->\n  <\/div><!--\/end-->\n\n  <div class=\"vc_empty_space\"   style=\"height: 15px\"><span class=\"vc_empty_space_inner\"><\/span><\/div>\n\t<div class=\"wpb_text_column wpb_content_element\" >\n\t\t<div class=\"wpb_wrapper\">\n\t\t\t<p><a href=\"https:\/\/g.page\/ElMesonDeLaCosta?share\">Map<\/a><\/p>\n\n\t\t<\/div>\n\t<\/div>\n<\/div><\/div><\/div><\/div>","protected":false},"excerpt":{"rendered":"Espa\u00f1olEnglishEspa\u00f1ol English El Mes\u00f3n de la CostaLe esperamos RESERVAS POR TEL\u00c9FONO Reservamos mesas para comidas o cenas. Para reservar su mesa, ll\u00e1menos de lunes a domingo de 12:00 a 15:00 +34 966 70 35 98 EVENTOS \u00bfLe gustar\u00eda reservar nuestro local para un evento especial? Env\u00edenos un email con todos los detalles y le responderemos[...]","protected":false},"author":1,"featured_media":0,"parent":0,"menu_order":0,"comment_status":"closed","ping_status":"closed","template":"","meta":{"_vp_format_video_url":"","_vp_image_focal_point":[],"footnotes":""},"class_list":["post-436","page","type-page","status-publish","hentry"],"yoast_head":"<!-- This site is optimized with the Yoast SEO plugin v26.2 - https:\/\/yoast.com\/wordpress\/plugins\/seo\/ -->\n<title>Reserva - El Mes\u00f3n de la Costa<\/title>\n<meta name=\"description\" content=\"Reserva - El Mes\u00f3n de la Costa\" \/>\n<meta name=\"robots\" content=\"index, follow, max-snippet:-1, max-image-preview:large, max-video-preview:-1\" \/>\n<link rel=\"canonical\" href=\"https:\/\/elmesondelacosta.com\/en\/reserva\/\" \/>\n<meta property=\"og:locale\" content=\"en_GB\" \/>\n<meta property=\"og:type\" content=\"article\" \/>\n<meta property=\"og:title\" content=\"Reserva - El Mes\u00f3n de la Costa\" \/>\n<meta property=\"og:description\" content=\"Reserva - El Mes\u00f3n de la Costa\" \/>\n<meta property=\"og:url\" content=\"https:\/\/elmesondelacosta.com\/en\/reserva\/\" \/>\n<meta property=\"og:site_name\" content=\"El Mes\u00f3n de la Costa\" \/>\n<meta property=\"article:publisher\" content=\"https:\/\/es-la.facebook.com\/ElMesonDeLaCosta\/\" \/>\n<meta property=\"article:modified_time\" content=\"2023-08-22T12:17:45+00:00\" \/>\n<meta property=\"og:image\" content=\"https:\/\/elmesondelacosta.com\/wp-content\/uploads\/2021\/04\/logo.png\" \/>\n\t<meta property=\"og:image:width\" content=\"753\" \/>\n\t<meta property=\"og:image:height\" content=\"660\" \/>\n\t<meta property=\"og:image:type\" content=\"image\/png\" \/>\n<meta name=\"twitter:card\" content=\"summary_large_image\" \/>\n<meta name=\"twitter:label1\" content=\"Estimated reading time\" \/>\n\t<meta name=\"twitter:data1\" content=\"1 minute\" \/>\n<script type=\"application\/ld+json\" class=\"yoast-schema-graph\">{\"@context\":\"https:\/\/schema.org\",\"@graph\":[{\"@type\":\"WebPage\",\"@id\":\"https:\/\/elmesondelacosta.com\/reserva\/\",\"url\":\"https:\/\/elmesondelacosta.com\/reserva\/\",\"name\":\"Reserva - El Mes\u00f3n de la Costa\",\"isPartOf\":{\"@id\":\"https:\/\/elmesondelacosta.com\/#website\"},\"datePublished\":\"2017-05-24T19:39:28+00:00\",\"dateModified\":\"2023-08-22T12:17:45+00:00\",\"description\":\"Reserva - El Mes\u00f3n de la Costa\",\"breadcrumb\":{\"@id\":\"https:\/\/elmesondelacosta.com\/reserva\/#breadcrumb\"},\"inLanguage\":\"en-GB\",\"potentialAction\":[{\"@type\":\"ReadAction\",\"target\":[\"https:\/\/elmesondelacosta.com\/reserva\/\"]}]},{\"@type\":\"BreadcrumbList\",\"@id\":\"https:\/\/elmesondelacosta.com\/reserva\/#breadcrumb\",\"itemListElement\":[{\"@type\":\"ListItem\",\"position\":1,\"name\":\"Portada\",\"item\":\"https:\/\/elmesondelacosta.com\/\"},{\"@type\":\"ListItem\",\"position\":2,\"name\":\"Reserva\"}]},{\"@type\":\"WebSite\",\"@id\":\"https:\/\/elmesondelacosta.com\/#website\",\"url\":\"https:\/\/elmesondelacosta.com\/\",\"name\":\"El Mes\u00f3n de la Costa\",\"description\":\"Restaurante en Torrevieja\",\"publisher\":{\"@id\":\"https:\/\/elmesondelacosta.com\/#organization\"},\"alternateName\":\"El Mes\u00f3n de la Costa\",\"potentialAction\":[{\"@type\":\"SearchAction\",\"target\":{\"@type\":\"EntryPoint\",\"urlTemplate\":\"https:\/\/elmesondelacosta.com\/?s={search_term_string}\"},\"query-input\":{\"@type\":\"PropertyValueSpecification\",\"valueRequired\":true,\"valueName\":\"search_term_string\"}}],\"inLanguage\":\"en-GB\"},{\"@type\":\"Organization\",\"@id\":\"https:\/\/elmesondelacosta.com\/#organization\",\"name\":\"El Mes\u00f3n de la Costa\",\"url\":\"https:\/\/elmesondelacosta.com\/\",\"logo\":{\"@type\":\"ImageObject\",\"inLanguage\":\"en-GB\",\"@id\":\"https:\/\/elmesondelacosta.com\/#\/schema\/logo\/image\/\",\"url\":\"https:\/\/elmesondelacosta.com\/wp-content\/uploads\/2021\/04\/logo.png\",\"contentUrl\":\"https:\/\/elmesondelacosta.com\/wp-content\/uploads\/2021\/04\/logo.png\",\"width\":753,\"height\":660,\"caption\":\"El Mes\u00f3n de la Costa\"},\"image\":{\"@id\":\"https:\/\/elmesondelacosta.com\/#\/schema\/logo\/image\/\"},\"sameAs\":[\"https:\/\/es-la.facebook.com\/ElMesonDeLaCosta\/\",\"https:\/\/www.tripadvisor.es\/Restaurant_Review-g187527-d1832521-Reviews-El_Meson_De_La_Costa-Torrevieja_Costa_Blanca_Province_of_Alicante_Valencian_Count.html\"]}]}<\/script>\n<!-- \/ Yoast SEO plugin. -->","yoast_head_json":{"title":"Reserva - El Mes\u00f3n de la Costa","description":"Reserva - El Mes\u00f3n de la Costa","robots":{"index":"index","follow":"follow","max-snippet":"max-snippet:-1","max-image-preview":"max-image-preview:large","max-video-preview":"max-video-preview:-1"},"canonical":"https:\/\/elmesondelacosta.com\/en\/reserva\/","og_locale":"en_GB","og_type":"article","og_title":"Reserva - El Mes\u00f3n de la Costa","og_description":"Reserva - El Mes\u00f3n de la Costa","og_url":"https:\/\/elmesondelacosta.com\/en\/reserva\/","og_site_name":"El Mes\u00f3n de la Costa","article_publisher":"https:\/\/es-la.facebook.com\/ElMesonDeLaCosta\/","article_modified_time":"2023-08-22T12:17:45+00:00","og_image":[{"width":753,"height":660,"url":"https:\/\/elmesondelacosta.com\/wp-content\/uploads\/2021\/04\/logo.png","type":"image\/png"}],"twitter_card":"summary_large_image","twitter_misc":{"Estimated reading time":"1 minute"},"schema":{"@context":"https:\/\/schema.org","@graph":[{"@type":"WebPage","@id":"https:\/\/elmesondelacosta.com\/reserva\/","url":"https:\/\/elmesondelacosta.com\/reserva\/","name":"Reserva - El Mes\u00f3n de la Costa","isPartOf":{"@id":"https:\/\/elmesondelacosta.com\/#website"},"datePublished":"2017-05-24T19:39:28+00:00","dateModified":"2023-08-22T12:17:45+00:00","description":"Reserva - El Mes\u00f3n de la Costa","breadcrumb":{"@id":"https:\/\/elmesondelacosta.com\/reserva\/#breadcrumb"},"inLanguage":"en-GB","potentialAction":[{"@type":"ReadAction","target":["https:\/\/elmesondelacosta.com\/reserva\/"]}]},{"@type":"BreadcrumbList","@id":"https:\/\/elmesondelacosta.com\/reserva\/#breadcrumb","itemListElement":[{"@type":"ListItem","position":1,"name":"Portada","item":"https:\/\/elmesondelacosta.com\/"},{"@type":"ListItem","position":2,"name":"Reserva"}]},{"@type":"WebSite","@id":"https:\/\/elmesondelacosta.com\/#website","url":"https:\/\/elmesondelacosta.com\/","name":"El Mes\u00f3n de la Costa","description":"Restaurant in Torrevieja","publisher":{"@id":"https:\/\/elmesondelacosta.com\/#organization"},"alternateName":"El Mes\u00f3n de la Costa","potentialAction":[{"@type":"SearchAction","target":{"@type":"EntryPoint","urlTemplate":"https:\/\/elmesondelacosta.com\/?s={search_term_string}"},"query-input":{"@type":"PropertyValueSpecification","valueRequired":true,"valueName":"search_term_string"}}],"inLanguage":"en-GB"},{"@type":"Organization","@id":"https:\/\/elmesondelacosta.com\/#organization","name":"El Mes\u00f3n de la Costa","url":"https:\/\/elmesondelacosta.com\/","logo":{"@type":"ImageObject","inLanguage":"en-GB","@id":"https:\/\/elmesondelacosta.com\/#\/schema\/logo\/image\/","url":"https:\/\/elmesondelacosta.com\/wp-content\/uploads\/2021\/04\/logo.png","contentUrl":"https:\/\/elmesondelacosta.com\/wp-content\/uploads\/2021\/04\/logo.png","width":753,"height":660,"caption":"El Mes\u00f3n de la Costa"},"image":{"@id":"https:\/\/elmesondelacosta.com\/#\/schema\/logo\/image\/"},"sameAs":["https:\/\/es-la.facebook.com\/ElMesonDeLaCosta\/","https:\/\/www.tripadvisor.es\/Restaurant_Review-g187527-d1832521-Reviews-El_Meson_De_La_Costa-Torrevieja_Costa_Blanca_Province_of_Alicante_Valencian_Count.html"]}]}},"_links":{"self":[{"href":"https:\/\/elmesondelacosta.com\/en\/wp-json\/wp\/v2\/pages\/436","targetHints":{"allow":["GET"]}}],"collection":[{"href":"https:\/\/elmesondelacosta.com\/en\/wp-json\/wp\/v2\/pages"}],"about":[{"href":"https:\/\/elmesondelacosta.com\/en\/wp-json\/wp\/v2\/types\/page"}],"author":[{"embeddable":true,"href":"https:\/\/elmesondelacosta.com\/en\/wp-json\/wp\/v2\/users\/1"}],"replies":[{"embeddable":true,"href":"https:\/\/elmesondelacosta.com\/en\/wp-json\/wp\/v2\/comments?post=436"}],"version-history":[{"count":11,"href":"https:\/\/elmesondelacosta.com\/en\/wp-json\/wp\/v2\/pages\/436\/revisions"}],"predecessor-version":[{"id":3679,"href":"https:\/\/elmesondelacosta.com\/en\/wp-json\/wp\/v2\/pages\/436\/revisions\/3679"}],"wp:attachment":[{"href":"https:\/\/elmesondelacosta.com\/en\/wp-json\/wp\/v2\/media?parent=436"}],"curies":[{"name":"wp","href":"https:\/\/api.w.org\/{rel}","templated":true}]}}